{"id":101,"date":"2024-09-11T11:20:07","date_gmt":"2024-09-11T11:20:07","guid":{"rendered":"https:\/\/p7.miexpertodigital1.eu\/?page_id=101"},"modified":"2025-10-16T05:19:30","modified_gmt":"2025-10-16T05:19:30","slug":"about-us","status":"publish","type":"page","link":"https:\/\/egleespa.dominioswebmed.com\/es\/about-us\/","title":{"rendered":"Sobre Nosotros"},"content":{"rendered":"<div data-elementor-type=\"wp-page\" data-elementor-id=\"101\" class=\"elementor elementor-101\" data-elementor-post-type=\"page\">\n\t\t\t\t<div class=\"elementor-element elementor-element-1272fd9 e-flex e-con-boxed e-con e-parent\" data-id=\"1272fd9\" data-element_type=\"container\" data-settings=\"{&quot;background_background&quot;:&quot;classic&quot;}\">\n\t\t\t\t\t<div class=\"e-con-inner\">\n\t\t<div class=\"elementor-element elementor-element-2071cc0 e-con-full e-flex e-con e-child\" data-id=\"2071cc0\" data-element_type=\"container\">\n\t\t<div class=\"elementor-element elementor-element-e5779bd e-con-full e-flex e-con e-child\" data-id=\"e5779bd\" data-element_type=\"container\">\n\t\t\t\t<div class=\"elementor-element elementor-element-9d0b5e9 elementor-icon-list--layout-inline elementor-widget__width-auto elementor-align-end elementor-mobile-align-center elementor-list-item-link-full_width elementor-widget elementor-widget-icon-list\" data-id=\"9d0b5e9\" data-element_type=\"widget\" data-widget_type=\"icon-list.default\">\n\t\t\t\t<div class=\"elementor-widget-container\">\n\t\t\t\t\t\t\t<ul class=\"elementor-icon-list-items elementor-inline-items\">\n\t\t\t\t\t\t\t<li class=\"elementor-icon-list-item elementor-inline-item\">\n\t\t\t\t\t\t\t\t\t\t\t<a href=\"#\">\n\n\t\t\t\t\t\t\t\t\t\t\t<span class=\"elementor-icon-list-text\">Home   <\/span>\n\t\t\t\t\t\t\t\t\t\t\t<\/a>\n\t\t\t\t\t\t\t\t\t<\/li>\n\t\t\t\t\t\t\t\t<li class=\"elementor-icon-list-item elementor-inline-item\">\n\t\t\t\t\t\t\t\t\t\t\t<a href=\"#\">\n\n\t\t\t\t\t\t\t\t\t\t\t\t<span class=\"elementor-icon-list-icon\">\n\t\t\t\t\t\t\t<svg aria-hidden=\"true\" class=\"e-font-icon-svg e-fas-minus\" viewbox=\"0 0 448 512\" xmlns=\"http:\/\/www.w3.org\/2000\/svg\"><path d=\"M416 208H32c-17.67 0-32 14.33-32 32v32c0 17.67 14.33 32 32 32h384c17.67 0 32-14.33 32-32v-32c0-17.67-14.33-32-32-32z\"><\/path><\/svg>\t\t\t\t\t\t<\/span>\n\t\t\t\t\t\t\t\t\t\t<span class=\"elementor-icon-list-text\"><\/span>\n\t\t\t\t\t\t\t\t\t\t\t<\/a>\n\t\t\t\t\t\t\t\t\t<\/li>\n\t\t\t\t\t\t<\/ul>\n\t\t\t\t\t\t<\/div>\n\t\t\t\t<\/div>\n\t\t\t\t<\/div>\n\t\t\t\t<\/div>\n\t\t\t\t\t<\/div>\n\t\t\t\t<\/div>\n\t\t<div class=\"elementor-element elementor-element-8e6e9c7 e-flex e-con-boxed e-con e-parent\" data-id=\"8e6e9c7\" data-element_type=\"container\" data-settings=\"{&quot;background_background&quot;:&quot;classic&quot;}\">\n\t\t\t\t\t<div class=\"e-con-inner\">\n\t\t<div class=\"elementor-element elementor-element-ce111ef e-con-full e-flex e-con e-child\" data-id=\"ce111ef\" data-element_type=\"container\" data-settings=\"{&quot;background_background&quot;:&quot;classic&quot;}\">\n\t\t\t\t<div class=\"elementor-element elementor-element-c9afe27 elementor-widget elementor-widget-image\" data-id=\"c9afe27\" data-element_type=\"widget\" data-widget_type=\"image.default\">\n\t\t\t\t<div class=\"elementor-widget-container\">\n\t\t\t\t\t\t\t\t\t\t\t\t\t\t\t<img fetchpriority=\"high\" decoding=\"async\" width=\"683\" height=\"1024\" src=\"https:\/\/egleespa.dominioswebmed.com\/wp-content\/uploads\/2024\/09\/pexels-koolshooters-8945996-683x1024.jpg\" class=\"attachment-large size-large wp-image-2830\" alt=\"\" srcset=\"https:\/\/egleespa.dominioswebmed.com\/wp-content\/uploads\/2024\/09\/pexels-koolshooters-8945996-683x1024.jpg 683w, https:\/\/egleespa.dominioswebmed.com\/wp-content\/uploads\/2024\/09\/pexels-koolshooters-8945996-200x300.jpg 200w, https:\/\/egleespa.dominioswebmed.com\/wp-content\/uploads\/2024\/09\/pexels-koolshooters-8945996-768x1152.jpg 768w, https:\/\/egleespa.dominioswebmed.com\/wp-content\/uploads\/2024\/09\/pexels-koolshooters-8945996-1024x1536.jpg 1024w, https:\/\/egleespa.dominioswebmed.com\/wp-content\/uploads\/2024\/09\/pexels-koolshooters-8945996-1365x2048.jpg 1365w, https:\/\/egleespa.dominioswebmed.com\/wp-content\/uploads\/2024\/09\/pexels-koolshooters-8945996-scaled.jpg 1707w\" sizes=\"(max-width: 683px) 100vw, 683px\" \/>\t\t\t\t\t\t\t\t\t\t\t\t\t\t\t<\/div>\n\t\t\t\t<\/div>\n\t\t\t\t<\/div>\n\t\t<div class=\"elementor-element elementor-element-bc884bd e-con-full e-flex e-con e-child\" data-id=\"bc884bd\" data-element_type=\"container\">\n\t\t\t\t<div class=\"elementor-element elementor-element-fc89d0a elementor-widget elementor-widget-heading\" data-id=\"fc89d0a\" data-element_type=\"widget\" data-widget_type=\"heading.default\">\n\t\t\t\t<div class=\"elementor-widget-container\">\n\t\t\t\t\t<h2 class=\"elementor-heading-title elementor-size-default\">Sobre Nosotros\n\n<\/h2>\t\t\t\t<\/div>\n\t\t\t\t<\/div>\n\t\t\t\t<div class=\"elementor-element elementor-element-6c44125 elementor-widget elementor-widget-text-editor\" data-id=\"6c44125\" data-element_type=\"widget\" data-widget_type=\"text-editor.default\">\n\t\t\t\t<div class=\"elementor-widget-container\">\n\t\t\t\t\t\t\t\t\t<p><span style=\"font-weight: 400;\">En Eglee Spa, situado en el Marriott Playa Andaluza, contamos con m\u00e1s de 20 a\u00f1os de experiencia dedicados a ofrecerte un espacio de relajaci\u00f3n y autocuidado. Nuestro compromiso es brindarte una gama de tratamientos exclusivos tanto faciales como corporales, concebidos para que reconectes contigo mismo y disfrutes de un merecido momento de amor propio. Desde masajes de aromaterapia y drenajes linf\u00e1ticos hasta tratamientos faciales antiedad, aqu\u00ed encontrar\u00e1s todo lo necesario para sentirte renovado y en armon\u00eda.<\/span><\/p><p><span style=\"font-weight: 400;\">Nos enorgullece ofrecer un servicio de calidad, con atenci\u00f3n personalizada que nos distingue de otros spas. La exclusividad y la calidad de servicio son nuestra esencia, lo que nos ha llevado a ser un referente en el \u00e1mbito del bienestar y la belleza en la regi\u00f3n. Ya sea que busques un masaje relajante, una limpieza facial o una manicura perfecta, en Eglee Spa tienes garantizada una experiencia \u00fanica y memorable.<\/span><\/p>\t\t\t\t\t\t\t\t<\/div>\n\t\t\t\t<\/div>\n\t\t\t\t<\/div>\n\t\t\t\t\t<\/div>\n\t\t\t\t<\/div>\n\t\t<div class=\"elementor-element elementor-element-14ec206 e-flex e-con-boxed e-con e-parent\" data-id=\"14ec206\" data-element_type=\"container\" data-settings=\"{&quot;background_background&quot;:&quot;classic&quot;}\">\n\t\t\t\t\t<div class=\"e-con-inner\">\n\t\t<div class=\"elementor-element elementor-element-f2a5136 e-con-full e-flex e-con e-child\" data-id=\"f2a5136\" data-element_type=\"container\">\n\t\t\t\t<div class=\"elementor-element elementor-element-87d9ecc elementor-widget elementor-widget-heading\" data-id=\"87d9ecc\" data-element_type=\"widget\" data-widget_type=\"heading.default\">\n\t\t\t\t<div class=\"elementor-widget-container\">\n\t\t\t\t\t<h2 class=\"elementor-heading-title elementor-size-default\">Our Mission and Values<\/h2>\t\t\t\t<\/div>\n\t\t\t\t<\/div>\n\t\t\t\t<\/div>\n\t\t<div class=\"elementor-element elementor-element-7a24fc1 e-con-full e-flex e-con e-child\" data-id=\"7a24fc1\" data-element_type=\"container\">\n\t\t\t\t<div class=\"elementor-element elementor-element-6e7aab2 elementor-widget elementor-widget-text-editor\" data-id=\"6e7aab2\" data-element_type=\"widget\" data-widget_type=\"text-editor.default\">\n\t\t\t\t<div class=\"elementor-widget-container\">\n\t\t\t\t\t\t\t\t\t<p><span style=\"font-weight: 400;\">En Eglee Spa, nuestra misi\u00f3n es ofrecerte una experiencia de bienestar integral y personalizada. Combinamos t\u00e9cnicas avanzadas con la calidez humana, para que cada cliente encuentre un espacio de relajaci\u00f3n, reconexi\u00f3n y autocuidado. Adem\u00e1s, nos dedicamos a realzar tu belleza natural y promover tu salud, brindando servicios de la m\u00e1s alta calidad en un entorno de serenidad y profesionalismo.<\/span><\/p><p><span style=\"font-weight: 400;\">Nuestra visi\u00f3n es ser reconocidos como el principal destino de bienestar y belleza en la regi\u00f3n, constituy\u00e9ndonos como un referente de excelencia y confianza. Buscamos innovar constantemente en nuestros tratamientos y terapias, manteniendo un compromiso s\u00f3lido con la satisfacci\u00f3n total de nuestros clientes, ayud\u00e1ndoles a vivir el cuidado personal como un verdadero acto de amor propio.<\/span><\/p><p><span style=\"font-weight: 400;\">En Eglee Spa, nuestros valores son fundamentales para nosotros:<\/span><\/p><ul><li style=\"font-weight: 400;\" aria-level=\"1\"><b>Excelencia<\/b><span style=\"font-weight: 400;\">Buscamos la perfecci\u00f3n en cada tratamiento, utilizando productos de alta calidad y t\u00e9cnicas expertas.<\/span><\/li><li style=\"font-weight: 400;\" aria-level=\"1\"><b>Bienestar Integral<\/b><span style=\"font-weight: 400;\">La belleza y la salud van de la mano; nuestros servicios nutren cuerpo y mente.<\/span><\/li><li style=\"font-weight: 400;\" aria-level=\"1\"><b>Profesionalismo<\/b><span style=\"font-weight: 400;\">Actuamos con \u00e9tica y respeto, asegurando un trato amable y experto.<\/span><\/li><li style=\"font-weight: 400;\" aria-level=\"1\"><b>Conexi\u00f3n Humana<\/b><span style=\"font-weight: 400;\">Valoramos la relaci\u00f3n con nuestros clientes, creando un ambiente de confianza y empat\u00eda.<\/span><\/li><li><b>Innovaci\u00f3n<\/b><span style=\"font-weight: 400;\">Estamos en constante b\u00fasqueda de nuevas t\u00e9cnicas y tratamientos vanguardistas.<\/span><\/li><\/ul>\t\t\t\t\t\t\t\t<\/div>\n\t\t\t\t<\/div>\n\t\t\t\t<\/div>\n\t\t\t\t\t<\/div>\n\t\t\t\t<\/div>\n\t\t<div class=\"elementor-element elementor-element-c6fe51e e-flex e-con-boxed e-con e-parent\" data-id=\"c6fe51e\" data-element_type=\"container\" data-settings=\"{&quot;background_background&quot;:&quot;classic&quot;}\">\n\t\t\t\t\t<div class=\"e-con-inner\">\n\t\t<div class=\"elementor-element elementor-element-b874f27 e-con-full e-flex e-con e-child\" data-id=\"b874f27\" data-element_type=\"container\">\n\t\t\t\t<div class=\"elementor-element elementor-element-0f098ee animated-slow elementor-invisible elementor-widget elementor-widget-heading\" data-id=\"0f098ee\" data-element_type=\"widget\" data-settings=\"{&quot;_animation&quot;:&quot;fadeInUp&quot;}\" data-widget_type=\"heading.default\">\n\t\t\t\t<div class=\"elementor-widget-container\">\n\t\t\t\t\t<h2 class=\"elementor-heading-title elementor-size-default\">Si deseas conocer m\u00e1s sobre nuestros servicios, estamos aqu\u00ed para ayudarte.<\/h2>\t\t\t\t<\/div>\n\t\t\t\t<\/div>\n\t\t\t\t<\/div>\n\t\t<div class=\"elementor-element elementor-element-b8ba041 e-con-full e-flex e-con e-child\" data-id=\"b8ba041\" data-element_type=\"container\">\n\t\t\t\t<div class=\"elementor-element elementor-element-8ca9a27 elementor-align-right elementor-mobile-align-center animated-slow elementor-invisible elementor-widget elementor-widget-button\" data-id=\"8ca9a27\" data-element_type=\"widget\" data-settings=\"{&quot;_animation&quot;:&quot;fadeInUp&quot;,&quot;_animation_delay&quot;:70}\" data-widget_type=\"button.default\">\n\t\t\t\t<div class=\"elementor-widget-container\">\n\t\t\t\t\t\t\t\t\t<div class=\"elementor-button-wrapper\">\n\t\t\t\t\t<a class=\"elementor-button elementor-button-link elementor-size-sm elementor-animation-float\" href=\"https:\/\/egleespa.dominioswebmed.com\/es\/contact\/\">\n\t\t\t\t\t\t<span class=\"elementor-button-content-wrapper\">\n\t\t\t\t\t\t\t\t\t<span class=\"elementor-button-text\">Cont\u00e1ctame<\/span>\n\t\t\t\t\t<\/span>\n\t\t\t\t\t<\/a>\n\t\t\t\t<\/div>\n\t\t\t\t\t\t\t\t<\/div>\n\t\t\t\t<\/div>\n\t\t\t\t<\/div>\n\t\t\t\t\t<\/div>\n\t\t\t\t<\/div>\n\t\t\t\t<\/div>","protected":false},"excerpt":{"rendered":"<p>Home About Us At Eglee Spa, located at the Marriott Playa Andaluza, we have over 20 years of experience dedicated to offering you a space for relaxation and self-care. Our commitment is to provide a range of exclusive facial and body treatments designed to help you reconnect with yourself and enjoy a well-deserved moment of [&hellip;]<\/p>","protected":false},"author":5,"featured_media":0,"parent":0,"menu_order":0,"comment_status":"closed","ping_status":"closed","template":"","meta":{"inline_featured_image":false,"iawp_total_views":136,"footnotes":""},"class_list":["post-101","page","type-page","status-publish","hentry"],"yoast_head":"<!-- This site is optimized with the Yoast SEO plugin v26.7 - https:\/\/yoast.com\/wordpress\/plugins\/seo\/ -->\n<title>About Us - Eglee Spa<\/title>\n<meta name=\"robots\" content=\"index, follow, max-snippet:-1, max-image-preview:large, max-video-preview:-1\" \/>\n<link rel=\"canonical\" href=\"https:\/\/egleespa.dominioswebmed.com\/es\/about-us\/\" \/>\n<meta property=\"og:locale\" content=\"es_ES\" \/>\n<meta property=\"og:type\" content=\"article\" \/>\n<meta property=\"og:title\" content=\"About Us - Eglee Spa\" \/>\n<meta property=\"og:description\" content=\"Home About Us At Eglee Spa, located at the Marriott Playa Andaluza, we have over 20 years of experience dedicated to offering you a space for relaxation and self-care. Our commitment is to provide a range of exclusive facial and body treatments designed to help you reconnect with yourself and enjoy a well-deserved moment of [&hellip;]\" \/>\n<meta property=\"og:url\" content=\"https:\/\/egleespa.dominioswebmed.com\/es\/about-us\/\" \/>\n<meta property=\"og:site_name\" content=\"Eglee Spa\" \/>\n<meta property=\"article:modified_time\" content=\"2025-10-16T05:19:30+00:00\" \/>\n<meta property=\"og:image\" content=\"https:\/\/egleespa.dominioswebmed.com\/wp-content\/uploads\/2024\/09\/pexels-koolshooters-8945996-scaled.jpg\" \/>\n\t<meta property=\"og:image:width\" content=\"1707\" \/>\n\t<meta property=\"og:image:height\" content=\"2560\" \/>\n\t<meta property=\"og:image:type\" content=\"image\/jpeg\" \/>\n<meta name=\"twitter:card\" content=\"summary_large_image\" \/>\n<meta name=\"twitter:label1\" content=\"Tiempo de lectura\" \/>\n\t<meta name=\"twitter:data1\" content=\"2 minutos\" \/>\n<script type=\"application\/ld+json\" class=\"yoast-schema-graph\">{\"@context\":\"https:\/\/schema.org\",\"@graph\":[{\"@type\":\"WebPage\",\"@id\":\"https:\/\/egleespa.dominioswebmed.com\/about-us\/\",\"url\":\"https:\/\/egleespa.dominioswebmed.com\/about-us\/\",\"name\":\"About Us - Eglee Spa\",\"isPartOf\":{\"@id\":\"https:\/\/egleespa.dominioswebmed.com\/#website\"},\"primaryImageOfPage\":{\"@id\":\"https:\/\/egleespa.dominioswebmed.com\/about-us\/#primaryimage\"},\"image\":{\"@id\":\"https:\/\/egleespa.dominioswebmed.com\/about-us\/#primaryimage\"},\"thumbnailUrl\":\"https:\/\/egleespa.dominioswebmed.com\/wp-content\/uploads\/2024\/09\/pexels-koolshooters-8945996-683x1024.jpg\",\"datePublished\":\"2024-09-11T11:20:07+00:00\",\"dateModified\":\"2025-10-16T05:19:30+00:00\",\"breadcrumb\":{\"@id\":\"https:\/\/egleespa.dominioswebmed.com\/about-us\/#breadcrumb\"},\"inLanguage\":\"es\",\"potentialAction\":[{\"@type\":\"ReadAction\",\"target\":[\"https:\/\/egleespa.dominioswebmed.com\/about-us\/\"]}]},{\"@type\":\"ImageObject\",\"inLanguage\":\"es\",\"@id\":\"https:\/\/egleespa.dominioswebmed.com\/about-us\/#primaryimage\",\"url\":\"https:\/\/egleespa.dominioswebmed.com\/wp-content\/uploads\/2024\/09\/pexels-koolshooters-8945996-683x1024.jpg\",\"contentUrl\":\"https:\/\/egleespa.dominioswebmed.com\/wp-content\/uploads\/2024\/09\/pexels-koolshooters-8945996-683x1024.jpg\"},{\"@type\":\"BreadcrumbList\",\"@id\":\"https:\/\/egleespa.dominioswebmed.com\/about-us\/#breadcrumb\",\"itemListElement\":[{\"@type\":\"ListItem\",\"position\":1,\"name\":\"Home\",\"item\":\"https:\/\/egleespa.dominioswebmed.com\/\"},{\"@type\":\"ListItem\",\"position\":2,\"name\":\"About Us\"}]},{\"@type\":\"WebSite\",\"@id\":\"https:\/\/egleespa.dominioswebmed.com\/#website\",\"url\":\"https:\/\/egleespa.dominioswebmed.com\/\",\"name\":\"Hola Community Manager\",\"description\":\"\",\"publisher\":{\"@id\":\"https:\/\/egleespa.dominioswebmed.com\/#organization\"},\"potentialAction\":[{\"@type\":\"SearchAction\",\"target\":{\"@type\":\"EntryPoint\",\"urlTemplate\":\"https:\/\/egleespa.dominioswebmed.com\/?s={search_term_string}\"},\"query-input\":{\"@type\":\"PropertyValueSpecification\",\"valueRequired\":true,\"valueName\":\"search_term_string\"}}],\"inLanguage\":\"es\"},{\"@type\":\"Organization\",\"@id\":\"https:\/\/egleespa.dominioswebmed.com\/#organization\",\"name\":\"Hola Community Manager\",\"url\":\"https:\/\/egleespa.dominioswebmed.com\/\",\"logo\":{\"@type\":\"ImageObject\",\"inLanguage\":\"es\",\"@id\":\"https:\/\/egleespa.dominioswebmed.com\/#\/schema\/logo\/image\/\",\"url\":\"https:\/\/egleespa.dominioswebmed.com\/wp-content\/uploads\/2025\/03\/color.png\",\"contentUrl\":\"https:\/\/egleespa.dominioswebmed.com\/wp-content\/uploads\/2025\/03\/color.png\",\"width\":500,\"height\":500,\"caption\":\"Hola Community Manager\"},\"image\":{\"@id\":\"https:\/\/egleespa.dominioswebmed.com\/#\/schema\/logo\/image\/\"},\"sameAs\":[\"https:\/\/www.instagram.com\/artistajesussanchez\/\"]}]}<\/script>\n<!-- \/ Yoast SEO plugin. -->","yoast_head_json":{"title":"About Us - Eglee Spa","robots":{"index":"index","follow":"follow","max-snippet":"max-snippet:-1","max-image-preview":"max-image-preview:large","max-video-preview":"max-video-preview:-1"},"canonical":"https:\/\/egleespa.dominioswebmed.com\/es\/about-us\/","og_locale":"es_ES","og_type":"article","og_title":"About Us - Eglee Spa","og_description":"Home About Us At Eglee Spa, located at the Marriott Playa Andaluza, we have over 20 years of experience dedicated to offering you a space for relaxation and self-care. Our commitment is to provide a range of exclusive facial and body treatments designed to help you reconnect with yourself and enjoy a well-deserved moment of [&hellip;]","og_url":"https:\/\/egleespa.dominioswebmed.com\/es\/about-us\/","og_site_name":"Eglee Spa","article_modified_time":"2025-10-16T05:19:30+00:00","og_image":[{"width":1707,"height":2560,"url":"https:\/\/egleespa.dominioswebmed.com\/wp-content\/uploads\/2024\/09\/pexels-koolshooters-8945996-scaled.jpg","type":"image\/jpeg"}],"twitter_card":"summary_large_image","twitter_misc":{"Tiempo de lectura":"2 minutos"},"schema":{"@context":"https:\/\/schema.org","@graph":[{"@type":"WebPage","@id":"https:\/\/egleespa.dominioswebmed.com\/about-us\/","url":"https:\/\/egleespa.dominioswebmed.com\/about-us\/","name":"About Us - Eglee Spa","isPartOf":{"@id":"https:\/\/egleespa.dominioswebmed.com\/#website"},"primaryImageOfPage":{"@id":"https:\/\/egleespa.dominioswebmed.com\/about-us\/#primaryimage"},"image":{"@id":"https:\/\/egleespa.dominioswebmed.com\/about-us\/#primaryimage"},"thumbnailUrl":"https:\/\/egleespa.dominioswebmed.com\/wp-content\/uploads\/2024\/09\/pexels-koolshooters-8945996-683x1024.jpg","datePublished":"2024-09-11T11:20:07+00:00","dateModified":"2025-10-16T05:19:30+00:00","breadcrumb":{"@id":"https:\/\/egleespa.dominioswebmed.com\/about-us\/#breadcrumb"},"inLanguage":"es","potentialAction":[{"@type":"ReadAction","target":["https:\/\/egleespa.dominioswebmed.com\/about-us\/"]}]},{"@type":"ImageObject","inLanguage":"es","@id":"https:\/\/egleespa.dominioswebmed.com\/about-us\/#primaryimage","url":"https:\/\/egleespa.dominioswebmed.com\/wp-content\/uploads\/2024\/09\/pexels-koolshooters-8945996-683x1024.jpg","contentUrl":"https:\/\/egleespa.dominioswebmed.com\/wp-content\/uploads\/2024\/09\/pexels-koolshooters-8945996-683x1024.jpg"},{"@type":"BreadcrumbList","@id":"https:\/\/egleespa.dominioswebmed.com\/about-us\/#breadcrumb","itemListElement":[{"@type":"ListItem","position":1,"name":"Home","item":"https:\/\/egleespa.dominioswebmed.com\/"},{"@type":"ListItem","position":2,"name":"About Us"}]},{"@type":"WebSite","@id":"https:\/\/egleespa.dominioswebmed.com\/#website","url":"https:\/\/egleespa.dominioswebmed.com\/","name":"Hola Community Manager","description":"","publisher":{"@id":"https:\/\/egleespa.dominioswebmed.com\/#organization"},"potentialAction":[{"@type":"SearchAction","target":{"@type":"EntryPoint","urlTemplate":"https:\/\/egleespa.dominioswebmed.com\/?s={search_term_string}"},"query-input":{"@type":"PropertyValueSpecification","valueRequired":true,"valueName":"search_term_string"}}],"inLanguage":"es"},{"@type":"Organization","@id":"https:\/\/egleespa.dominioswebmed.com\/#organization","name":"Hola Community Manager","url":"https:\/\/egleespa.dominioswebmed.com\/","logo":{"@type":"ImageObject","inLanguage":"es","@id":"https:\/\/egleespa.dominioswebmed.com\/#\/schema\/logo\/image\/","url":"https:\/\/egleespa.dominioswebmed.com\/wp-content\/uploads\/2025\/03\/color.png","contentUrl":"https:\/\/egleespa.dominioswebmed.com\/wp-content\/uploads\/2025\/03\/color.png","width":500,"height":500,"caption":"Hola Community Manager"},"image":{"@id":"https:\/\/egleespa.dominioswebmed.com\/#\/schema\/logo\/image\/"},"sameAs":["https:\/\/www.instagram.com\/artistajesussanchez\/"]}]}},"_links":{"self":[{"href":"https:\/\/egleespa.dominioswebmed.com\/es\/wp-json\/wp\/v2\/pages\/101","targetHints":{"allow":["GET"]}}],"collection":[{"href":"https:\/\/egleespa.dominioswebmed.com\/es\/wp-json\/wp\/v2\/pages"}],"about":[{"href":"https:\/\/egleespa.dominioswebmed.com\/es\/wp-json\/wp\/v2\/types\/page"}],"author":[{"embeddable":true,"href":"https:\/\/egleespa.dominioswebmed.com\/es\/wp-json\/wp\/v2\/users\/5"}],"replies":[{"embeddable":true,"href":"https:\/\/egleespa.dominioswebmed.com\/es\/wp-json\/wp\/v2\/comments?post=101"}],"version-history":[{"count":10,"href":"https:\/\/egleespa.dominioswebmed.com\/es\/wp-json\/wp\/v2\/pages\/101\/revisions"}],"predecessor-version":[{"id":2944,"href":"https:\/\/egleespa.dominioswebmed.com\/es\/wp-json\/wp\/v2\/pages\/101\/revisions\/2944"}],"wp:attachment":[{"href":"https:\/\/egleespa.dominioswebmed.com\/es\/wp-json\/wp\/v2\/media?parent=101"}],"curies":[{"name":"wp","href":"https:\/\/api.w.org\/{rel}","templated":true}]}}